{"id":20,"date":"2014-03-30T16:47:48","date_gmt":"2014-03-30T16:47:48","guid":{"rendered":"http:\/\/psy-paris-15.travail-et-sante.fr\/?page_id=20"},"modified":"2025-03-04T12:55:29","modified_gmt":"2025-03-04T12:55:29","slug":"infos-pratiques","status":"publish","type":"page","link":"https:\/\/psy-paris-15.travail-et-sante.fr\/?page_id=20","title":{"rendered":"Infos pratiques"},"content":{"rendered":"<div data-colibri-id=\"20-c1\" class=\"style-370 style-local-20-c1 position-relative\">\n  <!---->\n  <div data-colibri-component=\"section\" data-colibri-id=\"20-c2\" id=\"initial-content\" class=\"h-section h-section-global-spacing d-flex align-items-lg-center align-items-md-center align-items-center style-371 style-local-20-c2 position-relative\">\n    <!---->\n    <!---->\n    <div class=\"h-section-grid-container h-section-boxed-container\">\n      <!---->\n      <div data-colibri-id=\"20-c3\" class=\"h-row-container gutters-row-lg-2 gutters-row-md-2 gutters-row-0 gutters-row-v-lg-2 gutters-row-v-md-2 gutters-row-v-2 style-372 style-local-20-c3 position-relative\">\n        <!---->\n        <div class=\"h-row justify-content-lg-center justify-content-md-center justify-content-center align-items-lg-stretch align-items-md-stretch align-items-stretch gutters-col-lg-2 gutters-col-md-2 gutters-col-0 gutters-col-v-lg-2 gutters-col-v-md-2 gutters-col-v-2\">\n          <!---->\n          <div class=\"h-column h-column-container d-flex h-col-lg-auto h-col-md-auto h-col-auto style-373-outer style-local-20-c4-outer\">\n            <div data-colibri-id=\"20-c4\" class=\"d-flex h-flex-basis h-column__inner h-px-lg-2 h-px-md-2 h-px-2 v-inner-lg-2 v-inner-md-2 v-inner-2 style-373 style-local-20-c4 position-relative\">\n              <!---->\n              <!---->\n              <div class=\"w-100 h-y-container h-column__content h-column__v-align flex-basis-100 align-self-lg-start align-self-md-start align-self-start\">\n                <!---->\n                <div data-colibri-id=\"20-c5\" class=\"style-374 style-local-20-c5 position-relative h-element\">\n                  <!---->\n                  <div>\n                    \n                    \n                    \n                    \n                    \n                  <\/div>\n                <\/div>\n              <\/div>\n            <\/div>\n          <\/div>\n        <\/div>\n      <\/div>\n    <\/div>\n  <\/div>\n  <div data-colibri-component=\"section\" data-colibri-id=\"20-c6\" id=\"about\" class=\"h-section h-section-global-spacing d-flex align-items-lg-center align-items-md-center align-items-center style-375 style-local-20-c6 position-relative\">\n    <!---->\n    <!---->\n    <div class=\"h-section-grid-container h-section-boxed-container\">\n      <!---->\n      <div data-colibri-id=\"20-c7\" class=\"h-row-container gutters-row-lg-0 gutters-row-md-0 gutters-row-0 gutters-row-v-lg-0 gutters-row-v-md-0 gutters-row-v-0 style-376 style-local-20-c7 position-relative\">\n        <!---->\n        <div class=\"h-row justify-content-lg-center justify-content-md-center justify-content-center align-items-lg-stretch align-items-md-stretch align-items-stretch gutters-col-lg-0 gutters-col-md-0 gutters-col-0 gutters-col-v-lg-0 gutters-col-v-md-0 gutters-col-v-0\">\n          <!---->\n          <div class=\"h-column h-column-container d-flex h-col-lg-auto h-col-md-auto h-col-auto style-377-outer style-local-20-c8-outer\">\n            <div data-colibri-id=\"20-c8\" class=\"d-flex h-flex-basis h-column__inner h-px-lg-0 h-px-md-0 h-px-0 v-inner-lg-2 v-inner-md-2 v-inner-2 style-377 style-local-20-c8 position-relative\">\n              <!---->\n              <!---->\n              <div class=\"w-100 h-y-container h-column__content h-column__v-align flex-basis-100 align-self-lg-start align-self-md-start align-self-start\">\n                <!---->\n                <div data-colibri-id=\"20-c9\" class=\"h-global-transition-all h-heading style-379 style-local-20-c9 position-relative h-element\">\n                  <!---->\n                  <div class=\"h-heading__outer style-379 style-local-20-c9\">\n                    <!---->\n                    <!---->\n                    <h2 class=\"\">Tarifs consultations<\/h2>\n                  <\/div>\n                <\/div>\n                <div data-colibri-id=\"20-c10\" class=\"h-text h-text-component style-380 style-local-20-c10 position-relative h-element\">\n                  <!---->\n                  <!---->\n                  <div class=\"\">\n                    <p>Premier entretien de prise de contact de 15 minutes : gratuit<\/p>\n                    <p><strong style=\"font-size: 16px; font-family: &quot;Open Sans&quot;; color: rgb(70, 112, 127);\"><em>Consultation individuelle&nbsp;<\/em><\/strong>:<\/p>\n                    <ul>\n                      <li><strong style=\"font-size: 16px; font-family: &quot;Open Sans&quot;; color: rgb(70, 112, 127);\"><em>1 heure<\/em><\/strong>&nbsp;: <strong><em>90 euros&nbsp;<\/em><\/strong>(en cas de paiement le jour m\u00eame ou avant la s\u00e9ance)\n                        <br>\n                      <\/li>\n                      <li>en cas de d\u00e9passement, de votre fait : 7,50&nbsp;<span style=\"color: rgb(70, 112, 127); font-family: &quot;Open Sans&quot;; font-size: 16px; font-weight: 400;\">euros par tranche de 5 minutes commenc\u00e9e<\/span><\/li>\n                    <\/ul>\n                    <p><strong style=\"font-size: 16px; font-family: &quot;Open Sans&quot;; color: rgb(70, 112, 127);\"><em>Consultation de couple&nbsp;<\/em><\/strong><span style=\"font-size: 16px; font-family: &quot;Open Sans&quot;; color: rgb(70, 112, 127); font-weight: 400;\">:<\/span><\/p>\n                    <ul>\n                      <li><strong style=\"color: rgb(70, 112, 127); font-family: &quot;Open Sans&quot;; font-size: 16px;\"><em>1 heure<\/em><\/strong><span style=\"color: rgb(70, 112, 127); font-family: &quot;Open Sans&quot;; font-size: 16px; font-weight: 400;\">&nbsp;:&nbsp;<\/span>\n                        <strong\n                          style=\"color: rgb(70, 112, 127); font-family: &quot;Open Sans&quot;; font-size: 16px;\"><em>100 euros<\/em><\/strong> (en cas de paiement le jour m\u00eame ou avant la s\u00e9ance)<\/li>\n                      <li>en cas de d\u00e9passement, de votre fait : 8,50&nbsp;<span style=\"font-weight: 400; font-size: 16px; font-family: &quot;Open Sans&quot;; color: rgb(70, 112, 127);\">euros par tranche de 5 minutes commenc\u00e9e<\/span><\/li>\n                    <\/ul>\n                    <p><strong style=\"color: rgb(70, 112, 127); font-family: &quot;Open Sans&quot;; font-size: 16px;\"><em>S\u00e9ance annul\u00e9e moins de 48 heures \u00e0 l&rsquo;avance&nbsp;<\/em><\/strong> <strong style=\"font-size: 16px; font-family: &quot;Open Sans&quot;; color: rgb(70, 112, 127);\"><em>factur\u00e9e au tarif normal du cr\u00e9neau r\u00e9serv\u00e9<\/em><\/strong>\n                      <span\n                        style=\"font-size: 16px; font-family: &quot;Open Sans&quot;; color: rgb(70, 112, 127); font-weight: 400;\">&nbsp;<\/span>\n                    <\/p>\n                    <p><strong style=\"font-size: 16px; font-family: &quot;Open Sans&quot;; color: rgb(70, 112, 127);\"><em>S\u00e9ance incompl\u00e8te<\/em><\/strong>, du fait d&rsquo;un retard du patient, d&rsquo;un probl\u00e8me informatique du patient, ou de la volont\u00e9 du patient\n                      d&rsquo;\u00e9courter la s\u00e9ance&nbsp;<strong style=\"color: rgb(70, 112, 127); font-family: &quot;Open Sans&quot;; font-size: 16px;\"><em>factur\u00e9e au tarif normal du cr\u00e9neau r\u00e9serv\u00e9<\/em><\/strong><span style=\"color: rgb(70, 112, 127); font-family: &quot;Open Sans&quot;; font-size: 16px; font-weight: 400;\">&nbsp;<\/span><\/p>\n                    <p><strong style=\"color: rgb(70, 112, 127); font-family: &quot;Open Sans&quot;; font-size: 16px;\"><em>P\u00e9nalit\u00e9s de retard<\/em><\/strong><span style=\"color: rgb(70, 112, 127); font-family: &quot;Open Sans&quot;; font-size: 16px; font-weight: 400;\">&nbsp;<\/span>                      : <strong><em>le paiement est du, au plus tard le jour de la consultation<\/em><\/strong><\/p>\n                    <ul>\n                      <li>Paiement&nbsp;\u00e0 J+3 = tarif initial + 10 euros, soit 100 euros en individuel ou 110 euros en couple<\/li>\n                      <li>Paiement&nbsp;\u00e0 J+10 = tarif initial + 20 euros, soit 110 euros en individuel ou 120 euros en couple\n                        <br>\n                      <\/li>\n                    <\/ul>\n                    <p>\n                      <br>\n                    <\/p>\n                  <\/div>\n                <\/div>\n              <\/div>\n            <\/div>\n          <\/div>\n        <\/div>\n      <\/div>\n    <\/div>\n  <\/div>\n  <div data-colibri-component=\"section\" data-colibri-id=\"20-c11\" id=\"about-2\" class=\"h-section h-section-global-spacing d-flex align-items-lg-center align-items-md-center align-items-center style-382 style-local-20-c11 position-relative\">\n    <!---->\n    <!---->\n    <div class=\"h-section-grid-container h-section-boxed-container\">\n      <!---->\n      <div data-colibri-id=\"20-c12\" class=\"h-row-container gutters-row-lg-0 gutters-row-md-0 gutters-row-0 gutters-row-v-lg-0 gutters-row-v-md-0 gutters-row-v-0 style-383 style-local-20-c12 position-relative\">\n        <!---->\n        <div class=\"h-row justify-content-lg-center justify-content-md-center justify-content-center align-items-lg-stretch align-items-md-stretch align-items-stretch gutters-col-lg-0 gutters-col-md-0 gutters-col-0 gutters-col-v-lg-0 gutters-col-v-md-0 gutters-col-v-0\">\n          <!---->\n          <div class=\"h-column h-column-container d-flex h-col-lg-auto h-col-md-auto h-col-auto style-384-outer style-local-20-c13-outer\">\n            <div data-colibri-id=\"20-c13\" class=\"d-flex h-flex-basis h-column__inner h-px-lg-0 h-px-md-0 h-px-0 v-inner-lg-0 v-inner-md-0 v-inner-0 style-384 style-local-20-c13 position-relative\">\n              <!---->\n              <!---->\n              <div class=\"w-100 h-y-container h-column__content h-column__v-align flex-basis-100 align-self-lg-start align-self-md-start align-self-start\">\n                <!---->\n                <div data-colibri-id=\"20-c14\" class=\"h-global-transition-all h-heading style-386 style-local-20-c14 position-relative h-element\">\n                  <!---->\n                  <div class=\"h-heading__outer style-386 style-local-20-c14\">\n                    <!---->\n                    <!---->\n                    <h2 class=\"\">Tarifs prestations annexes<\/h2>\n                  <\/div>\n                <\/div>\n                <div data-colibri-id=\"20-c15\" class=\"h-text h-text-component style-387 style-local-20-c15 position-relative h-element\">\n                  <!---->\n                  <!---->\n                  <div class=\"\">\n                    <p><strong style=\"color: rgb(70, 112, 127); font-family: &quot;Open Sans&quot;; font-size: 16px;\"><em>Tests et restitution orale pendant une s\u00e9ance d&rsquo;une heure&nbsp;<\/em><\/strong>:&nbsp;\n                      <br>\n                    <\/p>\n                    <ul>\n                      <li>Tests re\u00e7us au format demand\u00e9&nbsp;: 130 euros\n                        <br>\n                      <\/li>\n                      <li>Sur-tarification de 100 euros en cas de tests fournis dans un autre format ou d&rsquo;une autre mani\u00e8re que celle demand\u00e9e&nbsp;<\/li>\n                    <\/ul>\n                    <p><strong style=\"color: rgb(70, 112, 127); font-family: &quot;Open Sans&quot;; font-size: 16px;\"><em>Restitution \u00e9crite de tests ou bilans<\/em><\/strong>&nbsp;: ces restitutions seront \u00e0 la discr\u00e9tion de Chantal Michard et ne sont en\n                      aucun cas automatiquement un \u00ab\u00a0d\u00fb\u00a0\u00bb. Ces restitutions ne pourront pas avoir lieu plus de trois mois apr\u00e8s l&rsquo;\u00e9valuation<\/p>\n                    <ul>\n                      <li>Restitution tests de souffrance au travail apr\u00e8s validation clinique de plusieurs s\u00e9ances :&nbsp;700 euros<\/li>\n                      <li>Restitution tests d&rsquo;\u00e9tat de stress post traumatique <span style=\"color: rgb(70, 112, 127); font-family: &quot;Open Sans&quot;; font-size: 16px; font-weight: 400;\">apr\u00e8s&nbsp;<\/span>validation clinique <span style=\"color: rgb(70, 112, 127); font-family: &quot;Open Sans&quot;; font-size: 16px; font-weight: 400;\">de plusieurs s\u00e9ances&nbsp;<\/span>:\n                        200 euros<\/li>\n                      <li>Autres&nbsp;: sur devis<\/li>\n                    <\/ul>\n                    <p>Factures :&nbsp;<\/p>\n                    <ul>\n                      <li><span style=\"font-weight: 400; font-size: 16px; font-family: &quot;Open Sans&quot;; color: rgb(70, 112, 127);\">Gratuites, mais&#8230;<\/span><\/li>\n                      <li>R\u00e9capitulatif de factures&nbsp;(par exemple \u00e0 la demande d&rsquo;un avocat) :&nbsp;&nbsp;50 euros par ann\u00e9e civile concern\u00e9e<\/li>\n                    <\/ul>\n                    <p>Lecture et \u00e9tudes de document ou de mail long : l<span style=\"font-weight: 400; font-size: 16px; font-family: &quot;Open Sans&quot;; color: rgb(70, 112, 127);\">es mails sont destin\u00e9s \u00e0 la prise de rendez-vous ou la demande br\u00e8ve&nbsp;de renseignements et ne pourront pas faire office de \u00ab\u00a0s\u00e9ance suppl\u00e9mentaire gratuite\u00a0\u00bb, d&rsquo;o\u00f9 une facturation du travail suppl\u00e9mentaire<\/span><\/p>\n                    <ul>\n                      <li>Mail de 10 ou 15 lignes sans document joint : gratuit<\/li>\n                      <li>10 pages en police 12, interligne 1 = 1 heure&nbsp;: 90 euros, soit 9 euros la page<\/li>\n                      <li>En cas de demande de premi\u00e8re consultation, il est inutile de me fournir une anamn\u00e8se \u00e9crite\n                        <br>\n                        <br>\n                      <\/li>\n                    <\/ul>\n                  <\/div>\n                <\/div>\n              <\/div>\n            <\/div>\n          <\/div>\n        <\/div>\n      <\/div>\n    <\/div>\n  <\/div>\n<\/div>","protected":false},"excerpt":{"rendered":"<p>Tarifs consultations Premier entretien de prise de contact de 15 minutes : gratuit Consultation individuelle&nbsp;: 1 heure&nbsp;: 90 euros&nbsp;(en cas de paiement le jour m\u00eame ou avant la s\u00e9ance) en cas de d\u00e9passement, de votre fait : 7,50&nbsp;euros par tranche de 5 minutes commenc\u00e9e Consultation de couple&nbsp;: 1 heure&nbsp;:&nbsp; 100 euros (en cas de paiement [&hellip;]<\/p>\n","protected":false},"author":1,"featured_media":0,"parent":0,"menu_order":5,"comment_status":"closed","ping_status":"closed","template":"page-templates\/full-width-page.php","meta":{"pagelayer_contact_templates":[],"_pagelayer_content":"","footnotes":""},"_links":{"self":[{"href":"https:\/\/psy-paris-15.travail-et-sante.fr\/index.php?rest_route=\/wp\/v2\/pages\/20"}],"collection":[{"href":"https:\/\/psy-paris-15.travail-et-sante.fr\/index.php?rest_route=\/wp\/v2\/pages"}],"about":[{"href":"https:\/\/psy-paris-15.travail-et-sante.fr\/index.php?rest_route=\/wp\/v2\/types\/page"}],"author":[{"embeddable":true,"href":"https:\/\/psy-paris-15.travail-et-sante.fr\/index.php?rest_route=\/wp\/v2\/users\/1"}],"replies":[{"embeddable":true,"href":"https:\/\/psy-paris-15.travail-et-sante.fr\/index.php?rest_route=%2Fwp%2Fv2%2Fcomments&post=20"}],"version-history":[{"count":20,"href":"https:\/\/psy-paris-15.travail-et-sante.fr\/index.php?rest_route=\/wp\/v2\/pages\/20\/revisions"}],"predecessor-version":[{"id":1357,"href":"https:\/\/psy-paris-15.travail-et-sante.fr\/index.php?rest_route=\/wp\/v2\/pages\/20\/revisions\/1357"}],"wp:attachment":[{"href":"https:\/\/psy-paris-15.travail-et-sante.fr\/index.php?rest_route=%2Fwp%2Fv2%2Fmedia&parent=20"}],"curies":[{"name":"wp","href":"https:\/\/api.w.org\/{rel}","templated":true}]}}