{"id":9,"date":"2014-03-27T23:29:57","date_gmt":"2014-03-27T23:29:57","guid":{"rendered":"http:\/\/psy-paris-15.travail-et-sante.fr\/?page_id=9"},"modified":"2021-12-20T22:45:07","modified_gmt":"2021-12-20T22:45:07","slug":"9-2","status":"publish","type":"page","link":"https:\/\/psy-paris-15.travail-et-sante.fr\/?page_id=9","title":{"rendered":"Consultations"},"content":{"rendered":"\n\n\n<p>Il existe une grande diversit\u00e9 de modalit\u00e9s de prise en charge psychologiques et de choix de techniques d&rsquo;investigation. Ces diverses techniques sont plus o\u00f9 moins adapt\u00e9es \u00e0 tel type de sympt\u00f4mes ou tel individu. En effet, chacun de nous \u00e0 une histoire particuli\u00e8re et par cons\u00e9quent un d\u00e9veloppement psychique singulier. Mon&nbsp;<strong>approche<\/strong>&nbsp;\u00e9tait&nbsp;<strong>int\u00e9grative<\/strong>. Pour tenir compte des particularit\u00e9s des demandes de chaque personne et de sa construction psychique, j&rsquo;utilisais diverses techniques th\u00e9rapeutiques&nbsp; : il me paraissait en effet n\u00e9cessaire d&rsquo;<strong>adapter<\/strong>&nbsp;<strong>les modalit\u00e9s de prise en charge \u00e0 l&rsquo;individu et non l&rsquo;inverse.<\/strong><br><\/p>\n<p><br><\/p>\n<p>Ces approches th\u00e9oriques et techniques diff\u00e9rentes, loin de s&rsquo;opposer, permettent d&rsquo;enrichir l&rsquo;accompagnement propos\u00e9. Voici, en quelques mots, une description des r\u00e9f\u00e9rences th\u00e9oriques ou techniques sur lesquels reposaient ma prise en charge.<\/p><ul><li><strong>la Psychanalyse :&nbsp;<\/strong>elle est utilis\u00e9e dans les prises en charge individuelles<ul><li><strong>Sigmund Freud<\/strong>&nbsp;nous a apport\u00e9 un corpus th\u00e9orique permettant d&rsquo;analyser les conflits psychiques et comprendre les logiques inconscientes individuelles. Il est \u00e0 l&rsquo;origine d&rsquo;une m\u00e9thode de traitement bas\u00e9e sur l&rsquo;<em>association<\/em>&nbsp;<em>libre<\/em>&nbsp;permettant de mettre \u00e0 jour des processus inconscients : concr\u00e8tement, il est question de dire librement tout ce qui vous vient \u00e0 l&rsquo;esprit, sans rien omettre ni cacher. Il nous a \u00e9galement apport\u00e9 une interpr\u00e9tation des r\u00eaves, des lapsus, et des actes manqu\u00e9s. Enfin, le travail th\u00e9rapeutique repose sur le maniement du&nbsp;<em>transfert<\/em>.<\/li><li><strong>Jacques Lacan&nbsp;<\/strong>nous a permis un rep\u00e9rage en terme de structure du sujet fond\u00e9 sur l&rsquo;intrication de trois fonctions :&nbsp;<em>le r\u00e9el, l&rsquo;imaginaire et le symbolique<\/em>. Il a enrichi les cliniciens d&rsquo;outils de linguiste en leur proposant d&rsquo;\u00eatre \u00e0 l&rsquo;\u00e9coute du&nbsp;<em>signifiant.<\/em><\/li><li><strong>S<\/strong><strong>\u00e1ndor Ferenczi&nbsp;<\/strong>a apport\u00e9 une lecture du&nbsp;<em>traumatisme<\/em>&nbsp;notamment&nbsp;<em>sexuel<\/em>&nbsp;utile \u00e0 la prise en charge des violences subies.<\/li><li><strong>Fran\u00e7oise Dolto et Piera Aulagnier&nbsp;<\/strong>ont contribu\u00e9 au rep\u00e9rage des&nbsp;<em>aspects transg\u00e9n\u00e9rationnels<\/em>&nbsp;des sympt\u00f4mes et de la dette inconsciente des individus par rapport aux g\u00e9n\u00e9rations pr\u00e9c\u00e9dente<\/li><\/ul><\/li><li><strong>La psychodynamique :&nbsp;<\/strong>ce terme renvoie \u00e0 des r\u00e9f\u00e9rences et des techniques psychanalytiques utilis\u00e9es dans un domaine qui ne fait pas partie du champs classique de la psychanalyse, ou \u00e0 des prises en charges accompagn\u00e9es d&rsquo;autres techniques non-psychanalytiques<ul><li><strong>La psychodynamique du travail<\/strong>&nbsp;fond\u00e9e par&nbsp;<strong>Christophe Dejours<\/strong>&nbsp;apporte un corpus th\u00e9orique qui offre des pistes de compr\u00e9hension sp\u00e9cifiques de ce qui se joue au travail pour l&rsquo;individu<\/li><li><strong>En sexologie,<\/strong>&nbsp;certaines prises en charges vont n\u00e9cessiter un recours \u00e0 la fois au corpus psychanalytique et \u00e0 des techniques de sexoth\u00e9rapies<\/li><\/ul><\/li><li><strong>L&rsquo;approche syst\u00e9mique de Palo Alto<\/strong>&nbsp;:<ul><li>Cette approche est fond\u00e9e sur la communication et l\u2019interaction entre les personnes. Il s&rsquo;agit d&rsquo;envisager les relations comme un&nbsp;<em><strong>syst\u00e8me d\u2019interactions entre les personnes et&nbsp; leur environnement<\/strong><\/em>&nbsp;( par exemple : la famille, l\u2019entreprise, le couple et leurs enjeux et modalit\u00e9s de fonctionnement).&nbsp; Dans cette optique, tout type de comportement interagit avec le comportement de l&rsquo;autre, et la compr\u00e9hension du syst\u00e8me de communication permet au th\u00e9rapeute de guider les personnes concern\u00e9es vers des perspectives de changement acceptables, sans culpabilisation de l&rsquo;un ou l&rsquo;autre<\/li><li>Cette approche peut \u00eatre appropri\u00e9e \u00e0 la fois en th\u00e9rapie individuelle et en th\u00e9rapie de couple. Elle peut permettre des changements en cas de&nbsp;<em>relations conflictuelles<\/em>&nbsp;ou p\u00e9nibles, de conflits en entreprise et elle est souvent utilis\u00e9e dans le traitement des&nbsp;<em>addictions<\/em><\/li><\/ul><\/li><li><strong>Le brainspotting&nbsp;<\/strong>consiste dans une d\u00e9sensibilisation et une reprogrammation avec les yeux lorsqu&rsquo;on ne connait pas les origines du probl\u00e8me psychologique ou somatique<\/li><li><strong>L&rsquo;EMDR&nbsp;<\/strong>est recommand\u00e9e par l&rsquo;OMS concernant les<a href=\"http:\/\/www.who.int\/mediacentre\/news\/releases\/2013\/trauma_mental_health_20130806\/fr\/\">&nbsp;traumatismes et l&rsquo;\u00e9tat de stress-post traumatique<\/a>&nbsp;(tous types de violences, braquages, cambriolages&#8230;) mais peut aussi \u00eatre adapt\u00e9 au traitement des blocages, phobies, deuils, troubles de l&rsquo;attachement, v\u00e9cus d&rsquo;abandon.&nbsp;<strong>L&rsquo;EMDR&nbsp;<\/strong>consiste en une d\u00e9sensibilisation aux traumatismes et reprogrammation par le mouvement des yeux ou des stimulations bilat\u00e9rales altern\u00e9es.<\/li><li>Le<strong>&nbsp;flash EMDR<\/strong>&nbsp;permet un apaisement rapide de situations v\u00e9cues comme traumatiques<br><\/li><li><strong>Le Ressourcement dyadique<\/strong>&nbsp;est une m\u00e9thode d&rsquo;EMDR qui permet de pallier aux d\u00e9faillances des parents<\/li><li><strong>Les TCC (Th\u00e9rapies Comportementales et Cognitives)<\/strong>&nbsp;sont plus particuli\u00e8rement adapt\u00e9es \u00e0 la stabilisation des probl\u00e9matiques traumatiques (violences psychologiques dont harc\u00e8lement ou emprise, violences physiques ou violences sexuelles) et font partie int\u00e9grante des protocoles EMDRLa&nbsp;<strong>cynoth\u00e9rapie, impossible en p\u00e9riode de covid<\/strong>&nbsp;permettait de travailler les \u00e9tats dissociatifs, les troubles de l&rsquo;attachement et les \u00e9tats de stress post-traumatiques les plus archa\u00efques<\/li><li>Certaines <strong>techniques d&rsquo;hypnose sont utilis\u00e9e<\/strong><strong>s en EMDR <\/strong>notamment afin de trouver des ressources<\/li><li><strong>Les techniques motivationnelles (TCC)&nbsp;<\/strong>peuvent \u00eatre utilis\u00e9es conjointement \u00e0 d&rsquo;autres techniques, notamment en cas&nbsp;<em>d&rsquo;addictions<\/em>, et consistent \u00e0 travailler sur les conflits et ambivalences de fa\u00e7on \u00e0 ce qu&rsquo;un changement puisse s&rsquo;initier<\/li><li><strong>La relaxation (<\/strong><strong>Schultz, Sapir)&nbsp;<\/strong>peut \u00eatre aussi utilis\u00e9e ponctuellement ou plus durablement pour&nbsp;<em>lib\u00e9rer la parole, ou encore ramener \u00e0 un \u00e9tat d&rsquo;apaisement<\/em><\/li><li><strong>Les tests &nbsp;<\/strong>sont souvent utiles de mani\u00e8re \u00e0&nbsp;<em>objectiver le diagnostic<\/em>&nbsp;et la compr\u00e9hension des ph\u00e9nom\u00e8nes en cas de souffrance au travail. En cas de probl\u00e8mes d&rsquo;attachements ou de difficult\u00e9s dans la construction de la personnalit\u00e9, ils permettent d&rsquo;adapter les protocoles de fa\u00e7on \u00e0 ce que la prise en charge soit la plus br\u00e8ve possible. En outre, ils permettent quelquefois de s&rsquo;exprimer plus librement, \u00e0 propos de situations dont les individus auraient eu du mal \u00e0 parler en premi\u00e8re approche. Enfin, les tests permettent aussi \u00e0 la personne concern\u00e9e de constater le chemin parcouru depuis le d\u00e9but de sa th\u00e9rapie.<\/li><\/ul><p>&nbsp;<br><\/p>\n\n\n","protected":false},"excerpt":{"rendered":"","protected":false},"author":1,"featured_media":0,"parent":0,"menu_order":0,"comment_status":"closed","ping_status":"closed","template":"","meta":{"pagelayer_contact_templates":[],"_pagelayer_content":"","footnotes":""},"_links":{"self":[{"href":"https:\/\/psy-paris-15.travail-et-sante.fr\/index.php?rest_route=\/wp\/v2\/pages\/9"}],"collection":[{"href":"https:\/\/psy-paris-15.travail-et-sante.fr\/index.php?rest_route=\/wp\/v2\/pages"}],"about":[{"href":"https:\/\/psy-paris-15.travail-et-sante.fr\/index.php?rest_route=\/wp\/v2\/types\/page"}],"author":[{"embeddable":true,"href":"https:\/\/psy-paris-15.travail-et-sante.fr\/index.php?rest_route=\/wp\/v2\/users\/1"}],"replies":[{"embeddable":true,"href":"https:\/\/psy-paris-15.travail-et-sante.fr\/index.php?rest_route=%2Fwp%2Fv2%2Fcomments&post=9"}],"version-history":[{"count":24,"href":"https:\/\/psy-paris-15.travail-et-sante.fr\/index.php?rest_route=\/wp\/v2\/pages\/9\/revisions"}],"predecessor-version":[{"id":1203,"href":"https:\/\/psy-paris-15.travail-et-sante.fr\/index.php?rest_route=\/wp\/v2\/pages\/9\/revisions\/1203"}],"wp:attachment":[{"href":"https:\/\/psy-paris-15.travail-et-sante.fr\/index.php?rest_route=%2Fwp%2Fv2%2Fmedia&parent=9"}],"curies":[{"name":"wp","href":"https:\/\/api.w.org\/{rel}","templated":true}]}}